{"id":8478,"date":"2023-05-04T07:51:00","date_gmt":"2023-05-04T07:51:00","guid":{"rendered":"https:\/\/abogadosdemarbella.com\/privacy-policy\/"},"modified":"2025-11-04T09:05:27","modified_gmt":"2025-11-04T09:05:27","slug":"privacy-policy","status":"publish","type":"page","link":"https:\/\/abogadosdemarbella.com\/en\/privacy-policy\/","title":{"rendered":"Privacy policy"},"content":{"rendered":"\t\t<div data-elementor-type=\"wp-page\" data-elementor-id=\"8478\" class=\"elementor elementor-8478 elementor-8045\" data-elementor-post-type=\"page\">\n\t\t\t\t\t\t<section class=\"elementor-section elementor-top-section elementor-element elementor-element-0d106c6 elementor-section-boxed elementor-section-height-default elementor-section-height-default\" data-id=\"0d106c6\" data-element_type=\"section\" data-e-type=\"section\">\n\t\t\t\t\t\t<div class=\"elementor-container elementor-column-gap-default\">\n\t\t\t\t\t<div class=\"elementor-column elementor-col-100 elementor-top-column elementor-element elementor-element-373a0c7\" data-id=\"373a0c7\" data-element_type=\"column\" data-e-type=\"column\">\n\t\t\t<div class=\"elementor-widget-wrap elementor-element-populated\">\n\t\t\t\t\t\t<section class=\"elementor-section elementor-inner-section elementor-element elementor-element-f33ebb9 elementor-section-boxed elementor-section-height-default elementor-section-height-default\" data-id=\"f33ebb9\" data-element_type=\"section\" data-e-type=\"section\">\n\t\t\t\t\t\t<div class=\"elementor-container elementor-column-gap-default\">\n\t\t\t\t\t<div class=\"elementor-column elementor-col-100 elementor-inner-column elementor-element elementor-element-8825169\" data-id=\"8825169\" data-element_type=\"column\" data-e-type=\"column\">\n\t\t\t<div class=\"elementor-widget-wrap elementor-element-populated\">\n\t\t\t\t\t\t<div class=\"elementor-element elementor-element-181a5ec elementor-widget elementor-widget-athens_elementor_heading\" data-id=\"181a5ec\" data-element_type=\"widget\" data-e-type=\"widget\" data-widget_type=\"athens_elementor_heading.default\">\n\t\t\t\t<div class=\"elementor-widget-container\">\n\t\t\t\t\t\t\t<div class=\"ova-heading template1\">\n\t\t\t\t\t\t\t\t\t\t\t\t<h3 class=\"sub-title\">\n\t\t\t\t\t\t\t\t\t\t\t\t\t\t\t\t\t\tG\u00c1MEZ &amp; SERRANO\t\t\t\t\t\t<span class=\"underlined\"><\/span>\n\t\t\t\t\t<\/h3>\n\t\t\t\t\t\n\t\t\t\t\n\t\t\t\t<h1 class=\"title\">\t\t\t\t\t\t\t\t\t\t\tPol\u00edtica de privacidad\t\t\t\t\t\t\t\t\t<\/h1>\n\t\t\t\t\t<\/div>\n\t\t\t\t\t\t<\/div>\n\t\t\t\t<\/div>\n\t\t\t\t<div class=\"elementor-element elementor-element-36da574 elementor-widget elementor-widget-text-editor\" data-id=\"36da574\" data-element_type=\"widget\" data-e-type=\"widget\" data-widget_type=\"text-editor.default\">\n\t\t\t\t<div class=\"elementor-widget-container\">\n\t\t\t\t\t\t\t\t\t<p>Privacy policy of the law firm G\u00e1mez&amp;Serrano S.C.<\/p>\n<p>At G\u00e1mez&amp;Serrano S.C, we value the privacy and protection of the personal data of our customers and visitors to our website. Therefore, we are committed to complying with applicable data protection laws and regulations and protecting the privacy and security of the personal information you provide to us. <\/p>\n<p>Collection of personal data<br>We collect personal data from our customers and visitors to our website in order to provide our legal services and improve our website. The information we collect may include your name, email address, postal address, telephone number, payment information, and other relevant information necessary to provide our services. <\/p>\n<p>Use of personal data<br>We use the personal data we collect to provide our legal services, process payments, send communications about our services, and respond to requests for information and enquiries. We may also use the information to improve our website and services, as well as to comply with legal obligations. <\/p>\n<p>Personal data protection<br>We are committed to protecting the personal data of our clients and visitors to our website by implementing appropriate security measures. Furthermore, we will only share your personal information with third parties to the extent necessary to provide our legal services or comply with legal obligations. <\/p>\n<p>Data subjects&#8217; rights<br>Data subjects have the right to access, rectify, erase and restrict the processing of their personal data, as well as to object to the processing and portability of their data. To exercise these rights, data subjects may contact us using the contact details provided on our website. <\/p>\n<p><b>Cookies and similar technologies<br>We use cookies and other similar technologies on our website to improve functionality and user experience. You can find more information about how we use cookies in our cookie policy.<\/b> <\/p>\n<p>Changes to the privacy policy<br>We reserve the right to update or modify this privacy policy at any time. The updated version of the privacy policy will be published on our website. We recommend that you check this page regularly to stay informed of any changes.  <\/p>\n<p><b>Contacto<br><\/b>Si tiene alguna pregunta o preocupaci\u00f3n sobre nuestra pol\u00edtica de privacidad, puede ponerse en contacto con nosotros a trav\u00e9s de los detalles de contacto que aparecen en nuestro sitio web.<\/p>\t\t\t\t\t\t\t\t<\/div>\n\t\t\t\t<\/div>\n\t\t\t\t\t<\/div>\n\t\t<\/div>\n\t\t\t\t\t<\/div>\n\t\t<\/section>\n\t\t\t\t\t<\/div>\n\t\t<\/div>\n\t\t\t\t\t<\/div>\n\t\t<\/section>\n\t\t\t\t<\/div>\n\t\t","protected":false},"excerpt":{"rendered":"<p>G\u00c1MEZ &amp; SERRANO Pol\u00edtica de privacidad Privacy policy of the law firm G\u00e1mez&amp;Serrano S.C. At G\u00e1mez&amp;Serrano S.C, we value the privacy and protection of the personal data of our customers and visitors to our website. Therefore, we are committed to complying with applicable data protection laws and regulations and protecting the privacy and security of [&hellip;]<\/p>\n","protected":false},"author":1,"featured_media":0,"parent":0,"menu_order":0,"comment_status":"closed","ping_status":"closed","template":"elementor_header_footer","meta":{"footnotes":""},"class_list":["post-8478","page","type-page","status-publish","hentry"],"yoast_head":"<!-- This site is optimized with the Yoast SEO plugin v27.3 - https:\/\/yoast.com\/product\/yoast-seo-wordpress\/ -->\n<title>Privacy policy<\/title>\n<meta name=\"robots\" content=\"noindex, nofollow\" \/>\n<meta property=\"og:locale\" content=\"en_US\" \/>\n<meta property=\"og:type\" content=\"article\" \/>\n<meta property=\"og:title\" content=\"Privacy policy\" \/>\n<meta property=\"og:description\" content=\"G\u00c1MEZ &amp; SERRANO Pol\u00edtica de privacidad Privacy policy of the law firm G\u00e1mez&amp;Serrano S.C. At G\u00e1mez&amp;Serrano S.C, we value the privacy and protection of the personal data of our customers and visitors to our website. Therefore, we are committed to complying with applicable data protection laws and regulations and protecting the privacy and security of [&hellip;]\" \/>\n<meta property=\"og:url\" content=\"https:\/\/abogadosdemarbella.com\/en\/privacy-policy\/\" \/>\n<meta property=\"og:site_name\" content=\"G\u00e1mez &amp; Serrano\" \/>\n<meta property=\"article:modified_time\" content=\"2025-11-04T09:05:27+00:00\" \/>\n<meta name=\"twitter:card\" content=\"summary_large_image\" \/>\n<meta name=\"twitter:label1\" content=\"Est. reading time\" \/>\n\t<meta name=\"twitter:data1\" content=\"2 minutes\" \/>\n<script type=\"application\/ld+json\" class=\"yoast-schema-graph\">{\"@context\":\"https:\\\/\\\/schema.org\",\"@graph\":[{\"@type\":\"WebPage\",\"@id\":\"https:\\\/\\\/abogadosdemarbella.com\\\/en\\\/privacy-policy\\\/\",\"url\":\"https:\\\/\\\/abogadosdemarbella.com\\\/en\\\/privacy-policy\\\/\",\"name\":\"Privacy policy\",\"isPartOf\":{\"@id\":\"https:\\\/\\\/abogadosdemarbella.com\\\/en\\\/#website\"},\"datePublished\":\"2023-05-04T07:51:00+00:00\",\"dateModified\":\"2025-11-04T09:05:27+00:00\",\"breadcrumb\":{\"@id\":\"https:\\\/\\\/abogadosdemarbella.com\\\/en\\\/privacy-policy\\\/#breadcrumb\"},\"inLanguage\":\"en-US\",\"potentialAction\":[{\"@type\":\"ReadAction\",\"target\":[\"https:\\\/\\\/abogadosdemarbella.com\\\/en\\\/privacy-policy\\\/\"]}]},{\"@type\":\"BreadcrumbList\",\"@id\":\"https:\\\/\\\/abogadosdemarbella.com\\\/en\\\/privacy-policy\\\/#breadcrumb\",\"itemListElement\":[{\"@type\":\"ListItem\",\"position\":1,\"name\":\"Portada\",\"item\":\"https:\\\/\\\/abogadosdemarbella.com\\\/en\\\/\"},{\"@type\":\"ListItem\",\"position\":2,\"name\":\"Privacy policy\"}]},{\"@type\":\"WebSite\",\"@id\":\"https:\\\/\\\/abogadosdemarbella.com\\\/en\\\/#website\",\"url\":\"https:\\\/\\\/abogadosdemarbella.com\\\/en\\\/\",\"name\":\"G\u00e1mez &amp; Serrano\",\"description\":\"Abogados de Marbella\",\"potentialAction\":[{\"@type\":\"SearchAction\",\"target\":{\"@type\":\"EntryPoint\",\"urlTemplate\":\"https:\\\/\\\/abogadosdemarbella.com\\\/en\\\/?s={search_term_string}\"},\"query-input\":{\"@type\":\"PropertyValueSpecification\",\"valueRequired\":true,\"valueName\":\"search_term_string\"}}],\"inLanguage\":\"en-US\"}]}<\/script>\n<!-- \/ Yoast SEO plugin. -->","yoast_head_json":{"title":"Privacy policy","robots":{"index":"noindex","follow":"nofollow"},"og_locale":"en_US","og_type":"article","og_title":"Privacy policy","og_description":"G\u00c1MEZ &amp; SERRANO Pol\u00edtica de privacidad Privacy policy of the law firm G\u00e1mez&amp;Serrano S.C. At G\u00e1mez&amp;Serrano S.C, we value the privacy and protection of the personal data of our customers and visitors to our website. Therefore, we are committed to complying with applicable data protection laws and regulations and protecting the privacy and security of [&hellip;]","og_url":"https:\/\/abogadosdemarbella.com\/en\/privacy-policy\/","og_site_name":"G\u00e1mez &amp; Serrano","article_modified_time":"2025-11-04T09:05:27+00:00","twitter_card":"summary_large_image","twitter_misc":{"Est. reading time":"2 minutes"},"schema":{"@context":"https:\/\/schema.org","@graph":[{"@type":"WebPage","@id":"https:\/\/abogadosdemarbella.com\/en\/privacy-policy\/","url":"https:\/\/abogadosdemarbella.com\/en\/privacy-policy\/","name":"Privacy policy","isPartOf":{"@id":"https:\/\/abogadosdemarbella.com\/en\/#website"},"datePublished":"2023-05-04T07:51:00+00:00","dateModified":"2025-11-04T09:05:27+00:00","breadcrumb":{"@id":"https:\/\/abogadosdemarbella.com\/en\/privacy-policy\/#breadcrumb"},"inLanguage":"en-US","potentialAction":[{"@type":"ReadAction","target":["https:\/\/abogadosdemarbella.com\/en\/privacy-policy\/"]}]},{"@type":"BreadcrumbList","@id":"https:\/\/abogadosdemarbella.com\/en\/privacy-policy\/#breadcrumb","itemListElement":[{"@type":"ListItem","position":1,"name":"Portada","item":"https:\/\/abogadosdemarbella.com\/en\/"},{"@type":"ListItem","position":2,"name":"Privacy policy"}]},{"@type":"WebSite","@id":"https:\/\/abogadosdemarbella.com\/en\/#website","url":"https:\/\/abogadosdemarbella.com\/en\/","name":"G\u00e1mez &amp; Serrano","description":"Abogados de Marbella","potentialAction":[{"@type":"SearchAction","target":{"@type":"EntryPoint","urlTemplate":"https:\/\/abogadosdemarbella.com\/en\/?s={search_term_string}"},"query-input":{"@type":"PropertyValueSpecification","valueRequired":true,"valueName":"search_term_string"}}],"inLanguage":"en-US"}]}},"_links":{"self":[{"href":"https:\/\/abogadosdemarbella.com\/en\/wp-json\/wp\/v2\/pages\/8478","targetHints":{"allow":["GET"]}}],"collection":[{"href":"https:\/\/abogadosdemarbella.com\/en\/wp-json\/wp\/v2\/pages"}],"about":[{"href":"https:\/\/abogadosdemarbella.com\/en\/wp-json\/wp\/v2\/types\/page"}],"author":[{"embeddable":true,"href":"https:\/\/abogadosdemarbella.com\/en\/wp-json\/wp\/v2\/users\/1"}],"replies":[{"embeddable":true,"href":"https:\/\/abogadosdemarbella.com\/en\/wp-json\/wp\/v2\/comments?post=8478"}],"version-history":[{"count":1,"href":"https:\/\/abogadosdemarbella.com\/en\/wp-json\/wp\/v2\/pages\/8478\/revisions"}],"predecessor-version":[{"id":8479,"href":"https:\/\/abogadosdemarbella.com\/en\/wp-json\/wp\/v2\/pages\/8478\/revisions\/8479"}],"wp:attachment":[{"href":"https:\/\/abogadosdemarbella.com\/en\/wp-json\/wp\/v2\/media?parent=8478"}],"curies":[{"name":"wp","href":"https:\/\/api.w.org\/{rel}","templated":true}]}}